{"id":2,"date":"2022-02-24T16:10:25","date_gmt":"2022-02-24T14:10:25","guid":{"rendered":"http:\/\/localhost\/tilikontrolli\/?page_id=2"},"modified":"2022-05-20T08:27:03","modified_gmt":"2022-05-20T05:27:03","slug":"esimerkkisivu","status":"publish","type":"page","link":"https:\/\/tilikontrolli.fi\/","title":{"rendered":"Yritys"},"content":{"rendered":"\n<p style=\"font-size:18px\">T.A Tilikontrolli Oy on vuodesta 1990 l\u00e4htien toiminut yritys. <\/p>\n\n\n\n<p><\/p>\n\n\n\n<p style=\"font-size:18px\">Liikeideanamme on tarjota yrityksille monipuolinen taloushallinnon palvelukokonaisuus. Tavoitteenamme on omalla toiminnallamme antaa yrityksille ja yritt\u00e4jille yksil\u00f6llist\u00e4 palvelua ja luoda mahdollisuudet menestykselliseen toimintaan.<\/p>\n\n\n\n<p style=\"font-size:18px\">Haluamme palvella yrityksi\u00e4, joiden ei ole j\u00e4rkev\u00e4\u00e4 palkata yritykseens\u00e4 taloushallinnon ammattilaista. Toimimme johdon tukena heid\u00e4n tarvitessaan luettavaa, ajan tasalla olevaa tietoa toiminnastaan p\u00e4\u00e4t\u00f6stens\u00e4 tueksi. Nykyisess\u00e4 taloudellisessa tilanteessa selvi\u00e4v\u00e4t ne, jotka ovat tietoisia yrityksens\u00e4 todellisesta tilanteesta ja riitt\u00e4v\u00e4n ajoissa ryhtyv\u00e4t toteuttamaan sen edellytt\u00e4mi\u00e4 toimenpiteit\u00e4. T\u00e4m\u00e4 edellytt\u00e4\u00e4 yrityksess\u00e4 aktiivista oman toiminnan seurantaa yhteisty\u00f6ss\u00e4 tilitoimiston kanssa.<\/p>\n\n\n\n<p style=\"font-size:18px\">Yrityksemme vahvuutena pid\u00e4mme laajaa tuntemustamme yritysten eri kehitysvaiheista ja kyky\u00e4 muuntautua yritt\u00e4j\u00e4n ja yrityksen n\u00e4k\u00f6kulmasta teht\u00e4viin ratkaisuihin.<\/p>\n\n\n\n<p style=\"font-size:18px\">K\u00e4yt\u00f6ss\u00e4mme ovat johtavien j\u00e4rjestelm\u00e4toimittajien tuottamat ja yll\u00e4pit\u00e4m\u00e4t tietoj\u00e4rjestelm\u00e4t. Toiminnassamme panostamme hyv\u00e4\u00e4n yhteisty\u00f6h\u00f6n eri sidosryhmien kanssa sek\u00e4 pitk\u00e4aikaisiin ja kiinteisiin asiakassuhteisii<\/p>\n\n\n\n<figure class=\"wp-block-image size-full is-resized\"><img loading=\"lazy\" decoding=\"async\" src=\"http:\/\/localhost\/tilikontrolli\/wp-content\/uploads\/2022\/05\/yrittajatLogo-1.png\" alt=\"\" class=\"wp-image-546\" width=\"262\" height=\"73\" srcset=\"https:\/\/tilikontrolli.fi\/wp-content\/uploads\/2022\/05\/yrittajatLogo-1.png 523w, https:\/\/tilikontrolli.fi\/wp-content\/uploads\/2022\/05\/yrittajatLogo-1-300x83.png 300w\" sizes=\"auto, (max-width: 262px) 100vw, 262px\" \/><\/figure>\n\n\n\n<p>Olemme Suomen yritt\u00e4jien j\u00e4senyritys.<\/p>\n","protected":false},"excerpt":{"rendered":"<p>T.A Tilikontrolli Oy on vuodesta 1990 l\u00e4htien toiminut yritys. Liikeideanamme on tarjota yrityksille monipuolinen taloushallinnon palvelukokonaisuus. Tavoitteenamme on omalla toiminnallamme antaa yrityksille ja yritt\u00e4jille yksil\u00f6llist\u00e4 palvelua ja luoda mahdollisuudet menestykselliseen toimintaan. Haluamme palvella yrityksi\u00e4, joiden ei ole j\u00e4rkev\u00e4\u00e4 palkata yritykseens\u00e4 taloushallinnon ammattilaista. Toimimme johdon tukena heid\u00e4n tarvitessaan luettavaa, ajan tasalla olevaa tietoa toiminnastaan p\u00e4\u00e4t\u00f6stens\u00e4 tueksi.&hellip;&nbsp;<a href=\"https:\/\/tilikontrolli.fi\/\" class=\"\" rel=\"bookmark\">Lue lis\u00e4\u00e4 &raquo;<span class=\"screen-reader-text\">Yritys<\/span><\/a><\/p>\n","protected":false},"author":1,"featured_media":0,"parent":0,"menu_order":0,"comment_status":"closed","ping_status":"open","template":"","meta":{"neve_meta_sidebar":"right","neve_meta_container":"","neve_meta_enable_content_width":"","neve_meta_content_width":0,"neve_meta_title_alignment":"","neve_meta_author_avatar":"","neve_post_elements_order":"","neve_meta_disable_header":"","neve_meta_disable_footer":"","neve_meta_disable_title":"","_themeisle_gutenberg_block_has_review":false,"_ti_tpc_template_sync":false,"_ti_tpc_template_id":"","footnotes":""},"class_list":["post-2","page","type-page","status-publish","hentry"],"yoast_head":"<!-- This site is optimized with the Yoast SEO plugin v20.13 - https:\/\/yoast.com\/wordpress\/plugins\/seo\/ -->\n<title>Yritys - Tilikontrolli Oy<\/title>\n<meta name=\"robots\" content=\"index, follow, max-snippet:-1, max-image-preview:large, max-video-preview:-1\" \/>\n<link rel=\"canonical\" href=\"https:\/\/tilikontrolli.fi\/\" \/>\n<meta property=\"og:locale\" content=\"fi_FI\" \/>\n<meta property=\"og:type\" content=\"article\" \/>\n<meta property=\"og:title\" content=\"Yritys - Tilikontrolli Oy\" \/>\n<meta property=\"og:description\" content=\"T.A Tilikontrolli Oy on vuodesta 1990 l\u00e4htien toiminut yritys. Liikeideanamme on tarjota yrityksille monipuolinen taloushallinnon palvelukokonaisuus. Tavoitteenamme on omalla toiminnallamme antaa yrityksille ja yritt\u00e4jille yksil\u00f6llist\u00e4 palvelua ja luoda mahdollisuudet menestykselliseen toimintaan. Haluamme palvella yrityksi\u00e4, joiden ei ole j\u00e4rkev\u00e4\u00e4 palkata yritykseens\u00e4 taloushallinnon ammattilaista. Toimimme johdon tukena heid\u00e4n tarvitessaan luettavaa, ajan tasalla olevaa tietoa toiminnastaan p\u00e4\u00e4t\u00f6stens\u00e4 tueksi.&hellip;&nbsp;Lue lis\u00e4\u00e4 &raquo;Yritys\" \/>\n<meta property=\"og:url\" content=\"https:\/\/tilikontrolli.fi\/\" \/>\n<meta property=\"og:site_name\" content=\"Tilikontrolli Oy\" \/>\n<meta property=\"article:modified_time\" content=\"2022-05-20T05:27:03+00:00\" \/>\n<meta property=\"og:image\" content=\"http:\/\/localhost\/tilikontrolli\/wp-content\/uploads\/2022\/05\/yrittajatLogo-1.png\" \/>\n<meta name=\"twitter:card\" content=\"summary_large_image\" \/>\n<meta name=\"twitter:label1\" content=\"Arvioitu lukuaika\" \/>\n\t<meta name=\"twitter:data1\" content=\"1 minuutti\" \/>\n<script type=\"application\/ld+json\" class=\"yoast-schema-graph\">{\"@context\":\"https:\/\/schema.org\",\"@graph\":[{\"@type\":\"WebPage\",\"@id\":\"https:\/\/tilikontrolli.fi\/\",\"url\":\"https:\/\/tilikontrolli.fi\/\",\"name\":\"Yritys - Tilikontrolli Oy\",\"isPartOf\":{\"@id\":\"https:\/\/tilikontrolli.fi\/#website\"},\"datePublished\":\"2022-02-24T14:10:25+00:00\",\"dateModified\":\"2022-05-20T05:27:03+00:00\",\"breadcrumb\":{\"@id\":\"https:\/\/tilikontrolli.fi\/#breadcrumb\"},\"inLanguage\":\"fi\",\"potentialAction\":[{\"@type\":\"ReadAction\",\"target\":[\"https:\/\/tilikontrolli.fi\/\"]}]},{\"@type\":\"BreadcrumbList\",\"@id\":\"https:\/\/tilikontrolli.fi\/#breadcrumb\",\"itemListElement\":[{\"@type\":\"ListItem\",\"position\":1,\"name\":\"Etusivu\",\"item\":\"https:\/\/tilikontrolli.fi\/\"},{\"@type\":\"ListItem\",\"position\":2,\"name\":\"Yritys\"}]},{\"@type\":\"WebSite\",\"@id\":\"https:\/\/tilikontrolli.fi\/#website\",\"url\":\"https:\/\/tilikontrolli.fi\/\",\"name\":\"Tilikontrolli Oy\",\"description\":\"\",\"potentialAction\":[{\"@type\":\"SearchAction\",\"target\":{\"@type\":\"EntryPoint\",\"urlTemplate\":\"https:\/\/tilikontrolli.fi\/?s={search_term_string}\"},\"query-input\":\"required name=search_term_string\"}],\"inLanguage\":\"fi\"}]}<\/script>\n<!-- \/ Yoast SEO plugin. -->","yoast_head_json":{"title":"Yritys - Tilikontrolli Oy","robots":{"index":"index","follow":"follow","max-snippet":"max-snippet:-1","max-image-preview":"max-image-preview:large","max-video-preview":"max-video-preview:-1"},"canonical":"https:\/\/tilikontrolli.fi\/","og_locale":"fi_FI","og_type":"article","og_title":"Yritys - Tilikontrolli Oy","og_description":"T.A Tilikontrolli Oy on vuodesta 1990 l\u00e4htien toiminut yritys. Liikeideanamme on tarjota yrityksille monipuolinen taloushallinnon palvelukokonaisuus. Tavoitteenamme on omalla toiminnallamme antaa yrityksille ja yritt\u00e4jille yksil\u00f6llist\u00e4 palvelua ja luoda mahdollisuudet menestykselliseen toimintaan. Haluamme palvella yrityksi\u00e4, joiden ei ole j\u00e4rkev\u00e4\u00e4 palkata yritykseens\u00e4 taloushallinnon ammattilaista. Toimimme johdon tukena heid\u00e4n tarvitessaan luettavaa, ajan tasalla olevaa tietoa toiminnastaan p\u00e4\u00e4t\u00f6stens\u00e4 tueksi.&hellip;&nbsp;Lue lis\u00e4\u00e4 &raquo;Yritys","og_url":"https:\/\/tilikontrolli.fi\/","og_site_name":"Tilikontrolli Oy","article_modified_time":"2022-05-20T05:27:03+00:00","og_image":[{"url":"http:\/\/localhost\/tilikontrolli\/wp-content\/uploads\/2022\/05\/yrittajatLogo-1.png"}],"twitter_card":"summary_large_image","twitter_misc":{"Arvioitu lukuaika":"1 minuutti"},"schema":{"@context":"https:\/\/schema.org","@graph":[{"@type":"WebPage","@id":"https:\/\/tilikontrolli.fi\/","url":"https:\/\/tilikontrolli.fi\/","name":"Yritys - Tilikontrolli Oy","isPartOf":{"@id":"https:\/\/tilikontrolli.fi\/#website"},"datePublished":"2022-02-24T14:10:25+00:00","dateModified":"2022-05-20T05:27:03+00:00","breadcrumb":{"@id":"https:\/\/tilikontrolli.fi\/#breadcrumb"},"inLanguage":"fi","potentialAction":[{"@type":"ReadAction","target":["https:\/\/tilikontrolli.fi\/"]}]},{"@type":"BreadcrumbList","@id":"https:\/\/tilikontrolli.fi\/#breadcrumb","itemListElement":[{"@type":"ListItem","position":1,"name":"Etusivu","item":"https:\/\/tilikontrolli.fi\/"},{"@type":"ListItem","position":2,"name":"Yritys"}]},{"@type":"WebSite","@id":"https:\/\/tilikontrolli.fi\/#website","url":"https:\/\/tilikontrolli.fi\/","name":"Tilikontrolli Oy","description":"","potentialAction":[{"@type":"SearchAction","target":{"@type":"EntryPoint","urlTemplate":"https:\/\/tilikontrolli.fi\/?s={search_term_string}"},"query-input":"required name=search_term_string"}],"inLanguage":"fi"}]}},"_links":{"self":[{"href":"https:\/\/tilikontrolli.fi\/index.php\/wp-json\/wp\/v2\/pages\/2","targetHints":{"allow":["GET"]}}],"collection":[{"href":"https:\/\/tilikontrolli.fi\/index.php\/wp-json\/wp\/v2\/pages"}],"about":[{"href":"https:\/\/tilikontrolli.fi\/index.php\/wp-json\/wp\/v2\/types\/page"}],"author":[{"embeddable":true,"href":"https:\/\/tilikontrolli.fi\/index.php\/wp-json\/wp\/v2\/users\/1"}],"replies":[{"embeddable":true,"href":"https:\/\/tilikontrolli.fi\/index.php\/wp-json\/wp\/v2\/comments?post=2"}],"version-history":[{"count":19,"href":"https:\/\/tilikontrolli.fi\/index.php\/wp-json\/wp\/v2\/pages\/2\/revisions"}],"predecessor-version":[{"id":577,"href":"https:\/\/tilikontrolli.fi\/index.php\/wp-json\/wp\/v2\/pages\/2\/revisions\/577"}],"wp:attachment":[{"href":"https:\/\/tilikontrolli.fi\/index.php\/wp-json\/wp\/v2\/media?parent=2"}],"curies":[{"name":"wp","href":"https:\/\/api.w.org\/{rel}","templated":true}]}}