{"id":434,"date":"2022-05-16T09:24:12","date_gmt":"2022-05-16T06:24:12","guid":{"rendered":"http:\/\/localhost\/tilikontrolli\/?page_id=434"},"modified":"2022-05-31T10:03:13","modified_gmt":"2022-05-31T07:03:13","slug":"historia","status":"publish","type":"page","link":"https:\/\/tilikontrolli.fi\/index.php\/historia\/","title":{"rendered":"Historia"},"content":{"rendered":"\n<div id=\"wp-block-themeisle-blocks-advanced-columns-078abc24\" class=\"wp-block-themeisle-blocks-advanced-columns has-0-columns has-desktop-undefined-layout has-tablet-equal-layout has-mobile-equal-layout has-vertical-unset\"><div class=\"wp-block-themeisle-blocks-advanced-columns-overlay\"><\/div><div class=\"innerblocks-wrap\"><\/div><\/div>\n\n\n\n<p style=\"font-size:18px\">Tilitoimisto T.A Tilikontrolli Oy on perustettu 1990. Yritt\u00e4jin\u00e4 toimivat Tuula Anttiroiko ja Juha Anttiroiko. Tilikontrollin ty\u00f6ntekij\u00f6ill\u00e4 on useiden vuosien kokemus talousalan asioiden hoitamisesta. Yhti\u00f6n ammattitaitoinen henkil\u00f6kunta ja laaja asiakaskunta eri toimialoilta sek\u00e4 hyv\u00e4t ja luottamukselliset suhteet eri sidosryhmiin takaavat turvallisen ja luotettavan ymp\u00e4rist\u00f6n asiakkaille. Kalajoen yritt\u00e4j\u00e4t ry palkitsi T.A Tilikontrollin vuoden yritt\u00e4j\u00e4n\u00e4 2014. Kalajoen kaupunki palkitsi yhti\u00f6n vuoden yrityksen\u00e4 2019.<\/p>\n\n\n\n<p style=\"font-size:18px\">Palveluvalikoimaamme kuuluvat my\u00f6s s\u00e4hk\u00f6isen taloushallinnon prosessit paperilaskujen skannauksesta osto- ja myyntilaskujen k\u00e4sittelyyn ja arkistointiin. Tarjoamme tilitoimistopalvelujen lis\u00e4ksi asiantuntijapalveluja. Palvelun avulla hoituvat yhti\u00f6n perustamiseen, yhti\u00f6muodon muutoksiin, verotukseen ja muuhun yritystoimintaa liittyv\u00e4t asiat luottamuksellisesti ja asiakkaan tarpeet huomioiden. Palvelukonseptiimme kuuluvat my\u00f6s perint\u00e4palvelut sek\u00e4 is\u00e4nn\u00f6intipalvelut, joita tarjoaa samaan yrityskokonaisuuteen kuuluvat Perint\u00e4toimisto Reskont Oy sek\u00e4 Asuntotaito Oy.<\/p>\n\n\n\n<p style=\"font-size:18px\">Asiakasl\u00e4ht\u00f6isen palvelukonseptimme mukaisesti palvelemme asiakkaita kokonaisvaltaisesti. Yhti\u00f6n palveluja on kokoajan kehitetty asiakaan tarpeet huomioiden. S\u00e4hk\u00f6isten taloushallinnon prosessien my\u00f6t\u00e4 taloushallinto on nopeutunut ja asiakas saa p\u00e4ivitetty\u00e4 ajantasaista tietoa aikaan ja paikkaan katsomatta.<\/p>\n\n\n\n<p style=\"font-size:18px\"><\/p>\n","protected":false},"excerpt":{"rendered":"<p>Tilitoimisto T.A Tilikontrolli Oy on perustettu 1990. Yritt\u00e4jin\u00e4 toimivat Tuula Anttiroiko ja Juha Anttiroiko. Tilikontrollin ty\u00f6ntekij\u00f6ill\u00e4 on useiden vuosien kokemus talousalan asioiden hoitamisesta. Yhti\u00f6n ammattitaitoinen henkil\u00f6kunta ja laaja asiakaskunta eri toimialoilta sek\u00e4 hyv\u00e4t ja luottamukselliset suhteet eri sidosryhmiin takaavat turvallisen ja luotettavan ymp\u00e4rist\u00f6n asiakkaille. Kalajoen yritt\u00e4j\u00e4t ry palkitsi T.A Tilikontrollin vuoden yritt\u00e4j\u00e4n\u00e4 2014. Kalajoen kaupunki&hellip;&nbsp;<a href=\"https:\/\/tilikontrolli.fi\/index.php\/historia\/\" class=\"\" rel=\"bookmark\">Lue lis\u00e4\u00e4 &raquo;<span class=\"screen-reader-text\">Historia<\/span><\/a><\/p>\n","protected":false},"author":1,"featured_media":0,"parent":0,"menu_order":0,"comment_status":"closed","ping_status":"closed","template":"","meta":{"neve_meta_sidebar":"","neve_meta_container":"","neve_meta_enable_content_width":"","neve_meta_content_width":0,"neve_meta_title_alignment":"","neve_meta_author_avatar":"","neve_post_elements_order":"","neve_meta_disable_header":"","neve_meta_disable_footer":"","neve_meta_disable_title":"","_themeisle_gutenberg_block_has_review":false,"_ti_tpc_template_sync":false,"_ti_tpc_template_id":"","footnotes":""},"class_list":["post-434","page","type-page","status-publish","hentry"],"yoast_head":"<!-- This site is optimized with the Yoast SEO plugin v20.13 - https:\/\/yoast.com\/wordpress\/plugins\/seo\/ -->\n<title>Historia - Tilikontrolli Oy<\/title>\n<meta name=\"robots\" content=\"index, follow, max-snippet:-1, max-image-preview:large, max-video-preview:-1\" \/>\n<link rel=\"canonical\" href=\"https:\/\/tilikontrolli.fi\/index.php\/historia\/\" \/>\n<meta property=\"og:locale\" content=\"fi_FI\" \/>\n<meta property=\"og:type\" content=\"article\" \/>\n<meta property=\"og:title\" content=\"Historia - Tilikontrolli Oy\" \/>\n<meta property=\"og:description\" content=\"Tilitoimisto T.A Tilikontrolli Oy on perustettu 1990. Yritt\u00e4jin\u00e4 toimivat Tuula Anttiroiko ja Juha Anttiroiko. Tilikontrollin ty\u00f6ntekij\u00f6ill\u00e4 on useiden vuosien kokemus talousalan asioiden hoitamisesta. Yhti\u00f6n ammattitaitoinen henkil\u00f6kunta ja laaja asiakaskunta eri toimialoilta sek\u00e4 hyv\u00e4t ja luottamukselliset suhteet eri sidosryhmiin takaavat turvallisen ja luotettavan ymp\u00e4rist\u00f6n asiakkaille. Kalajoen yritt\u00e4j\u00e4t ry palkitsi T.A Tilikontrollin vuoden yritt\u00e4j\u00e4n\u00e4 2014. Kalajoen kaupunki&hellip;&nbsp;Lue lis\u00e4\u00e4 &raquo;Historia\" \/>\n<meta property=\"og:url\" content=\"https:\/\/tilikontrolli.fi\/index.php\/historia\/\" \/>\n<meta property=\"og:site_name\" content=\"Tilikontrolli Oy\" \/>\n<meta property=\"article:modified_time\" content=\"2022-05-31T07:03:13+00:00\" \/>\n<meta name=\"twitter:card\" content=\"summary_large_image\" \/>\n<meta name=\"twitter:label1\" content=\"Arvioitu lukuaika\" \/>\n\t<meta name=\"twitter:data1\" content=\"1 minuutti\" \/>\n<script type=\"application\/ld+json\" class=\"yoast-schema-graph\">{\"@context\":\"https:\/\/schema.org\",\"@graph\":[{\"@type\":\"WebPage\",\"@id\":\"https:\/\/tilikontrolli.fi\/index.php\/historia\/\",\"url\":\"https:\/\/tilikontrolli.fi\/index.php\/historia\/\",\"name\":\"Historia - Tilikontrolli Oy\",\"isPartOf\":{\"@id\":\"https:\/\/tilikontrolli.fi\/#website\"},\"datePublished\":\"2022-05-16T06:24:12+00:00\",\"dateModified\":\"2022-05-31T07:03:13+00:00\",\"breadcrumb\":{\"@id\":\"https:\/\/tilikontrolli.fi\/index.php\/historia\/#breadcrumb\"},\"inLanguage\":\"fi\",\"potentialAction\":[{\"@type\":\"ReadAction\",\"target\":[\"https:\/\/tilikontrolli.fi\/index.php\/historia\/\"]}]},{\"@type\":\"BreadcrumbList\",\"@id\":\"https:\/\/tilikontrolli.fi\/index.php\/historia\/#breadcrumb\",\"itemListElement\":[{\"@type\":\"ListItem\",\"position\":1,\"name\":\"Etusivu\",\"item\":\"https:\/\/tilikontrolli.fi\/\"},{\"@type\":\"ListItem\",\"position\":2,\"name\":\"Historia\"}]},{\"@type\":\"WebSite\",\"@id\":\"https:\/\/tilikontrolli.fi\/#website\",\"url\":\"https:\/\/tilikontrolli.fi\/\",\"name\":\"Tilikontrolli Oy\",\"description\":\"\",\"potentialAction\":[{\"@type\":\"SearchAction\",\"target\":{\"@type\":\"EntryPoint\",\"urlTemplate\":\"https:\/\/tilikontrolli.fi\/?s={search_term_string}\"},\"query-input\":\"required name=search_term_string\"}],\"inLanguage\":\"fi\"}]}<\/script>\n<!-- \/ Yoast SEO plugin. -->","yoast_head_json":{"title":"Historia - Tilikontrolli Oy","robots":{"index":"index","follow":"follow","max-snippet":"max-snippet:-1","max-image-preview":"max-image-preview:large","max-video-preview":"max-video-preview:-1"},"canonical":"https:\/\/tilikontrolli.fi\/index.php\/historia\/","og_locale":"fi_FI","og_type":"article","og_title":"Historia - Tilikontrolli Oy","og_description":"Tilitoimisto T.A Tilikontrolli Oy on perustettu 1990. Yritt\u00e4jin\u00e4 toimivat Tuula Anttiroiko ja Juha Anttiroiko. Tilikontrollin ty\u00f6ntekij\u00f6ill\u00e4 on useiden vuosien kokemus talousalan asioiden hoitamisesta. Yhti\u00f6n ammattitaitoinen henkil\u00f6kunta ja laaja asiakaskunta eri toimialoilta sek\u00e4 hyv\u00e4t ja luottamukselliset suhteet eri sidosryhmiin takaavat turvallisen ja luotettavan ymp\u00e4rist\u00f6n asiakkaille. Kalajoen yritt\u00e4j\u00e4t ry palkitsi T.A Tilikontrollin vuoden yritt\u00e4j\u00e4n\u00e4 2014. Kalajoen kaupunki&hellip;&nbsp;Lue lis\u00e4\u00e4 &raquo;Historia","og_url":"https:\/\/tilikontrolli.fi\/index.php\/historia\/","og_site_name":"Tilikontrolli Oy","article_modified_time":"2022-05-31T07:03:13+00:00","twitter_card":"summary_large_image","twitter_misc":{"Arvioitu lukuaika":"1 minuutti"},"schema":{"@context":"https:\/\/schema.org","@graph":[{"@type":"WebPage","@id":"https:\/\/tilikontrolli.fi\/index.php\/historia\/","url":"https:\/\/tilikontrolli.fi\/index.php\/historia\/","name":"Historia - Tilikontrolli Oy","isPartOf":{"@id":"https:\/\/tilikontrolli.fi\/#website"},"datePublished":"2022-05-16T06:24:12+00:00","dateModified":"2022-05-31T07:03:13+00:00","breadcrumb":{"@id":"https:\/\/tilikontrolli.fi\/index.php\/historia\/#breadcrumb"},"inLanguage":"fi","potentialAction":[{"@type":"ReadAction","target":["https:\/\/tilikontrolli.fi\/index.php\/historia\/"]}]},{"@type":"BreadcrumbList","@id":"https:\/\/tilikontrolli.fi\/index.php\/historia\/#breadcrumb","itemListElement":[{"@type":"ListItem","position":1,"name":"Etusivu","item":"https:\/\/tilikontrolli.fi\/"},{"@type":"ListItem","position":2,"name":"Historia"}]},{"@type":"WebSite","@id":"https:\/\/tilikontrolli.fi\/#website","url":"https:\/\/tilikontrolli.fi\/","name":"Tilikontrolli Oy","description":"","potentialAction":[{"@type":"SearchAction","target":{"@type":"EntryPoint","urlTemplate":"https:\/\/tilikontrolli.fi\/?s={search_term_string}"},"query-input":"required name=search_term_string"}],"inLanguage":"fi"}]}},"_links":{"self":[{"href":"https:\/\/tilikontrolli.fi\/index.php\/wp-json\/wp\/v2\/pages\/434","targetHints":{"allow":["GET"]}}],"collection":[{"href":"https:\/\/tilikontrolli.fi\/index.php\/wp-json\/wp\/v2\/pages"}],"about":[{"href":"https:\/\/tilikontrolli.fi\/index.php\/wp-json\/wp\/v2\/types\/page"}],"author":[{"embeddable":true,"href":"https:\/\/tilikontrolli.fi\/index.php\/wp-json\/wp\/v2\/users\/1"}],"replies":[{"embeddable":true,"href":"https:\/\/tilikontrolli.fi\/index.php\/wp-json\/wp\/v2\/comments?post=434"}],"version-history":[{"count":11,"href":"https:\/\/tilikontrolli.fi\/index.php\/wp-json\/wp\/v2\/pages\/434\/revisions"}],"predecessor-version":[{"id":583,"href":"https:\/\/tilikontrolli.fi\/index.php\/wp-json\/wp\/v2\/pages\/434\/revisions\/583"}],"wp:attachment":[{"href":"https:\/\/tilikontrolli.fi\/index.php\/wp-json\/wp\/v2\/media?parent=434"}],"curies":[{"name":"wp","href":"https:\/\/api.w.org\/{rel}","templated":true}]}}