{"id":437,"date":"2022-05-16T09:29:46","date_gmt":"2022-05-16T06:29:46","guid":{"rendered":"http:\/\/localhost\/tilikontrolli\/?page_id=437"},"modified":"2022-05-31T10:06:07","modified_gmt":"2022-05-31T07:06:07","slug":"jarjestelmat","status":"publish","type":"page","link":"https:\/\/tilikontrolli.fi\/index.php\/jarjestelmat\/","title":{"rendered":"J\u00e4rjestelm\u00e4t"},"content":{"rendered":"\n<div id=\"wp-block-themeisle-blocks-advanced-columns-e9fcd8c7\" class=\"wp-block-themeisle-blocks-advanced-columns has-0-columns has-desktop-undefined-layout has-tablet-equal-layout has-mobile-equal-layout has-vertical-unset\"><div class=\"wp-block-themeisle-blocks-advanced-columns-overlay\"><\/div><div class=\"innerblocks-wrap\"><\/div><\/div>\n\n\n\n<p style=\"font-size:18px\">T.A Tilikontrolli Oy:ll\u00e4 on k\u00e4yt\u00f6ss\u00e4\u00e4n nykyaikaiset sek\u00e4 kilpailukykyiset taloushallinnon j\u00e4rjestelm\u00e4t<\/p>\n\n\n\n<ul class=\"wp-block-list\" style=\"font-size:18px\"><li><a href=\"https:\/\/www.visma.fi\/kirjaudu-sisaan\/\" target=\"_blank\" rel=\"noreferrer noopener\">Visma Nova, Fivaldi<\/a><ul><li>monipuolinen taloushallinnon j\u00e4rjestelm\u00e4 joka sis\u00e4lt\u00e4\u00e4 palkanlaskennan, kirjanpidon, osto- ja myyntireskontran, asiakasrekisterin ym.<\/li><\/ul><\/li><\/ul>\n\n\n\n<ul class=\"wp-block-list\" style=\"font-size:18px\"><li>Heeros<ul><li>Digitaalinen taloushallinnon j\u00e4rjestelm\u00e4<\/li><\/ul><\/li><\/ul>\n\n\n\n<p><\/p>\n","protected":false},"excerpt":{"rendered":"<p>T.A Tilikontrolli Oy:ll\u00e4 on k\u00e4yt\u00f6ss\u00e4\u00e4n nykyaikaiset sek\u00e4 kilpailukykyiset taloushallinnon j\u00e4rjestelm\u00e4t Visma Nova, Fivaldi monipuolinen taloushallinnon j\u00e4rjestelm\u00e4 joka sis\u00e4lt\u00e4\u00e4 palkanlaskennan, kirjanpidon, osto- ja myyntireskontran, asiakasrekisterin ym. Heeros Digitaalinen taloushallinnon j\u00e4rjestelm\u00e4<\/p>\n","protected":false},"author":1,"featured_media":0,"parent":0,"menu_order":0,"comment_status":"closed","ping_status":"closed","template":"","meta":{"neve_meta_sidebar":"","neve_meta_container":"","neve_meta_enable_content_width":"","neve_meta_content_width":0,"neve_meta_title_alignment":"","neve_meta_author_avatar":"","neve_post_elements_order":"","neve_meta_disable_header":"","neve_meta_disable_footer":"","neve_meta_disable_title":"","_themeisle_gutenberg_block_has_review":false,"_ti_tpc_template_sync":false,"_ti_tpc_template_id":"","footnotes":""},"class_list":["post-437","page","type-page","status-publish","hentry"],"yoast_head":"<!-- This site is optimized with the Yoast SEO plugin v20.13 - https:\/\/yoast.com\/wordpress\/plugins\/seo\/ -->\n<title>J\u00e4rjestelm\u00e4t - Tilikontrolli Oy<\/title>\n<meta name=\"robots\" content=\"index, follow, max-snippet:-1, max-image-preview:large, max-video-preview:-1\" \/>\n<link rel=\"canonical\" href=\"https:\/\/tilikontrolli.fi\/index.php\/jarjestelmat\/\" \/>\n<meta property=\"og:locale\" content=\"fi_FI\" \/>\n<meta property=\"og:type\" content=\"article\" \/>\n<meta property=\"og:title\" content=\"J\u00e4rjestelm\u00e4t - Tilikontrolli Oy\" \/>\n<meta property=\"og:description\" content=\"T.A Tilikontrolli Oy:ll\u00e4 on k\u00e4yt\u00f6ss\u00e4\u00e4n nykyaikaiset sek\u00e4 kilpailukykyiset taloushallinnon j\u00e4rjestelm\u00e4t Visma Nova, Fivaldi monipuolinen taloushallinnon j\u00e4rjestelm\u00e4 joka sis\u00e4lt\u00e4\u00e4 palkanlaskennan, kirjanpidon, osto- ja myyntireskontran, asiakasrekisterin ym. Heeros Digitaalinen taloushallinnon j\u00e4rjestelm\u00e4\" \/>\n<meta property=\"og:url\" content=\"https:\/\/tilikontrolli.fi\/index.php\/jarjestelmat\/\" \/>\n<meta property=\"og:site_name\" content=\"Tilikontrolli Oy\" \/>\n<meta property=\"article:modified_time\" content=\"2022-05-31T07:06:07+00:00\" \/>\n<meta name=\"twitter:card\" content=\"summary_large_image\" \/>\n<script type=\"application\/ld+json\" class=\"yoast-schema-graph\">{\"@context\":\"https:\/\/schema.org\",\"@graph\":[{\"@type\":\"WebPage\",\"@id\":\"https:\/\/tilikontrolli.fi\/index.php\/jarjestelmat\/\",\"url\":\"https:\/\/tilikontrolli.fi\/index.php\/jarjestelmat\/\",\"name\":\"J\u00e4rjestelm\u00e4t - Tilikontrolli Oy\",\"isPartOf\":{\"@id\":\"https:\/\/tilikontrolli.fi\/#website\"},\"datePublished\":\"2022-05-16T06:29:46+00:00\",\"dateModified\":\"2022-05-31T07:06:07+00:00\",\"breadcrumb\":{\"@id\":\"https:\/\/tilikontrolli.fi\/index.php\/jarjestelmat\/#breadcrumb\"},\"inLanguage\":\"fi\",\"potentialAction\":[{\"@type\":\"ReadAction\",\"target\":[\"https:\/\/tilikontrolli.fi\/index.php\/jarjestelmat\/\"]}]},{\"@type\":\"BreadcrumbList\",\"@id\":\"https:\/\/tilikontrolli.fi\/index.php\/jarjestelmat\/#breadcrumb\",\"itemListElement\":[{\"@type\":\"ListItem\",\"position\":1,\"name\":\"Etusivu\",\"item\":\"https:\/\/tilikontrolli.fi\/\"},{\"@type\":\"ListItem\",\"position\":2,\"name\":\"J\u00e4rjestelm\u00e4t\"}]},{\"@type\":\"WebSite\",\"@id\":\"https:\/\/tilikontrolli.fi\/#website\",\"url\":\"https:\/\/tilikontrolli.fi\/\",\"name\":\"Tilikontrolli Oy\",\"description\":\"\",\"potentialAction\":[{\"@type\":\"SearchAction\",\"target\":{\"@type\":\"EntryPoint\",\"urlTemplate\":\"https:\/\/tilikontrolli.fi\/?s={search_term_string}\"},\"query-input\":\"required name=search_term_string\"}],\"inLanguage\":\"fi\"}]}<\/script>\n<!-- \/ Yoast SEO plugin. -->","yoast_head_json":{"title":"J\u00e4rjestelm\u00e4t - Tilikontrolli Oy","robots":{"index":"index","follow":"follow","max-snippet":"max-snippet:-1","max-image-preview":"max-image-preview:large","max-video-preview":"max-video-preview:-1"},"canonical":"https:\/\/tilikontrolli.fi\/index.php\/jarjestelmat\/","og_locale":"fi_FI","og_type":"article","og_title":"J\u00e4rjestelm\u00e4t - Tilikontrolli Oy","og_description":"T.A Tilikontrolli Oy:ll\u00e4 on k\u00e4yt\u00f6ss\u00e4\u00e4n nykyaikaiset sek\u00e4 kilpailukykyiset taloushallinnon j\u00e4rjestelm\u00e4t Visma Nova, Fivaldi monipuolinen taloushallinnon j\u00e4rjestelm\u00e4 joka sis\u00e4lt\u00e4\u00e4 palkanlaskennan, kirjanpidon, osto- ja myyntireskontran, asiakasrekisterin ym. Heeros Digitaalinen taloushallinnon j\u00e4rjestelm\u00e4","og_url":"https:\/\/tilikontrolli.fi\/index.php\/jarjestelmat\/","og_site_name":"Tilikontrolli Oy","article_modified_time":"2022-05-31T07:06:07+00:00","twitter_card":"summary_large_image","schema":{"@context":"https:\/\/schema.org","@graph":[{"@type":"WebPage","@id":"https:\/\/tilikontrolli.fi\/index.php\/jarjestelmat\/","url":"https:\/\/tilikontrolli.fi\/index.php\/jarjestelmat\/","name":"J\u00e4rjestelm\u00e4t - Tilikontrolli Oy","isPartOf":{"@id":"https:\/\/tilikontrolli.fi\/#website"},"datePublished":"2022-05-16T06:29:46+00:00","dateModified":"2022-05-31T07:06:07+00:00","breadcrumb":{"@id":"https:\/\/tilikontrolli.fi\/index.php\/jarjestelmat\/#breadcrumb"},"inLanguage":"fi","potentialAction":[{"@type":"ReadAction","target":["https:\/\/tilikontrolli.fi\/index.php\/jarjestelmat\/"]}]},{"@type":"BreadcrumbList","@id":"https:\/\/tilikontrolli.fi\/index.php\/jarjestelmat\/#breadcrumb","itemListElement":[{"@type":"ListItem","position":1,"name":"Etusivu","item":"https:\/\/tilikontrolli.fi\/"},{"@type":"ListItem","position":2,"name":"J\u00e4rjestelm\u00e4t"}]},{"@type":"WebSite","@id":"https:\/\/tilikontrolli.fi\/#website","url":"https:\/\/tilikontrolli.fi\/","name":"Tilikontrolli Oy","description":"","potentialAction":[{"@type":"SearchAction","target":{"@type":"EntryPoint","urlTemplate":"https:\/\/tilikontrolli.fi\/?s={search_term_string}"},"query-input":"required name=search_term_string"}],"inLanguage":"fi"}]}},"_links":{"self":[{"href":"https:\/\/tilikontrolli.fi\/index.php\/wp-json\/wp\/v2\/pages\/437","targetHints":{"allow":["GET"]}}],"collection":[{"href":"https:\/\/tilikontrolli.fi\/index.php\/wp-json\/wp\/v2\/pages"}],"about":[{"href":"https:\/\/tilikontrolli.fi\/index.php\/wp-json\/wp\/v2\/types\/page"}],"author":[{"embeddable":true,"href":"https:\/\/tilikontrolli.fi\/index.php\/wp-json\/wp\/v2\/users\/1"}],"replies":[{"embeddable":true,"href":"https:\/\/tilikontrolli.fi\/index.php\/wp-json\/wp\/v2\/comments?post=437"}],"version-history":[{"count":5,"href":"https:\/\/tilikontrolli.fi\/index.php\/wp-json\/wp\/v2\/pages\/437\/revisions"}],"predecessor-version":[{"id":585,"href":"https:\/\/tilikontrolli.fi\/index.php\/wp-json\/wp\/v2\/pages\/437\/revisions\/585"}],"wp:attachment":[{"href":"https:\/\/tilikontrolli.fi\/index.php\/wp-json\/wp\/v2\/media?parent=437"}],"curies":[{"name":"wp","href":"https:\/\/api.w.org\/{rel}","templated":true}]}}