{"id":492,"date":"2022-05-16T12:49:12","date_gmt":"2022-05-16T09:49:12","guid":{"rendered":"http:\/\/localhost\/tilikontrolli\/?page_id=492"},"modified":"2022-05-31T10:06:59","modified_gmt":"2022-05-31T07:06:59","slug":"palvelut","status":"publish","type":"page","link":"https:\/\/tilikontrolli.fi\/index.php\/palvelut\/","title":{"rendered":"Palvelut"},"content":{"rendered":"\n<div id=\"wp-block-themeisle-blocks-advanced-columns-8f927265\" class=\"wp-block-themeisle-blocks-advanced-columns has-0-columns has-desktop-undefined-layout has-tablet-equal-layout has-mobile-equal-layout has-vertical-unset\"><div class=\"wp-block-themeisle-blocks-advanced-columns-overlay\"><\/div><div class=\"innerblocks-wrap\"><\/div><\/div>\n\n\n\n<p style=\"font-size:18px\">Tilikontrolli palvelee yrityksi\u00e4 kokonaisvaltaisesti eli palvelukonseptiimme kuuluvat:<\/p>\n\n\n\n<p style=\"font-size:18px\">Kirjanpitojen hoitaminen :<\/p>\n\n\n\n<ul class=\"wp-block-list\" style=\"font-size:18px\"><li class=\"indent\">Kirjanpidossa on t\u00e4rke\u00e4\u00e4, ett\u00e4 se tehd\u00e4\u00e4n oikein ja ajallaan.<br>Selke\u00e4n raportoinnin avulla yritt\u00e4j\u00e4 saa ajantasaista tietoa yrityksens\u00e4 kehityksest\u00e4.<\/li><\/ul>\n\n\n\n<div class=\"wp-block-group\"><div class=\"wp-block-group__inner-container is-layout-flow wp-block-group-is-layout-flow\">\n<p style=\"font-size:18px\">Tulosseuranta:<\/p>\n\n\n\n<ul class=\"wp-block-list\" style=\"font-size:18px\"><li class=\"indent\">Tulosseuranta mahdollistaa yritt\u00e4j\u00e4n nopean p\u00e4\u00e4t\u00f6ksenteon eri tilanteissa<\/li><\/ul>\n\n\n\n<p style=\"font-size:18px\">Laskujen maksu ja ostoreskontranhoito:<\/p>\n\n\n\n<ul class=\"wp-block-list\" style=\"font-size:18px\"><li class=\"indent\">Meill\u00e4 asiakas voi valita haluamansa palvelumuodon<\/li><li class=\"indent\">S\u00e4hk\u00f6inen, jossa kaikki laskut k\u00e4sitell\u00e4\u00e4n s\u00e4hk\u00f6isesti<\/li><li class=\"indent\">Se tarkoittaa sit\u00e4, ett\u00e4 laskut k\u00e4sitell\u00e4\u00e4n ja arkistoidaan s\u00e4hk\u00f6isess\u00e4 muodossa.<\/li><li class=\"indent\">Asiakas hyv\u00e4ksyy laskut saamillaan tunnuksilla ja siirt\u00e4\u00e4 maksuun.<\/li><\/ul>\n\n\n\n<p class=\"textIndent\" style=\"font-size:18px\">Vaihtoehtona on my\u00f6s, ett\u00e4 tilitoimisto hoitaa paperilaskujen vastaanoton ja kirjaamisen sek\u00e4 hyv\u00e4ksymisen j\u00e4lkeen maksamisen.<\/p>\n\n\n\n<p class=\"textIndent\" style=\"font-size:18px\">Reskontranhoitoa tehd\u00e4\u00e4n my\u00f6s asiakasyhti\u00f6n omissa tiloissa taloushallintopalveluna.<\/p>\n\n\n\n<p style=\"font-size:18px\">Myyntilaskut ja reskontranhoito:<\/p>\n\n\n\n<ul class=\"wp-block-list\" style=\"font-size:18px\"><li class=\"indent\">Laskutuspalveluna, jolloin asiakkaan toimeksiannosta tehd\u00e4\u00e4n ja l\u00e4hetet\u00e4\u00e4n myyntilaskut sek\u00e4 kirjataan tulleet suoritukset ja hoidetaan saatavien seuranta asiakkaan puolesta.<\/li><\/ul>\n\n\n\n<p class=\"textIndent\" style=\"font-size:18px\">S\u00e4hk\u00f6isess\u00e4 vaihtoehdossa asiakas voi itse tehd\u00e4 laskut miss\u00e4 ja milloin vain ja tilitoimisto voi asiakkaan niin halutessa hoitaa seurannan ja suoritusten kirjaamisen.<\/p>\n\n\n\n<p class=\"textIndent\" style=\"font-size:18px\">Molemmissa vaihtoehdoissa selke\u00e4n raportoinnin ansiosta asiakkaan on helppo itse seurata myyntisaamisia.<\/p>\n\n\n\n<p style=\"font-size:18px\">Palkanlaskenta<\/p>\n\n\n\n<ul class=\"wp-block-list\" style=\"font-size:18px\"><li class=\"indent\">Palkanlaskenta ja maksaminen ovat yhti\u00f6n t\u00e4rkeit\u00e4 ja keskeisimpi\u00e4 toimia.<br>Hoidamme palkkahallinnon t\u00e4ysivaltaisesti. Palkkatiedot, tuntitiedot ja lomatiedot toimitetaan tilitoimistolle sovitulla tavalla. <br>Palkat voidaan maksaa my\u00f6s toimestamme yhti\u00f6n tilit\u00e4 niin, ett\u00e4 palkat ovat palkansaajalla sovittuna p\u00e4iv\u00e4n\u00e4. Hoidamme my\u00f6s asiakkaan puolesta ty\u00f6nantajatilitysten ilmoittamisen ja maksuunpanon.<\/li><\/ul>\n\n\n\n<p style=\"font-size:18px\">Asiantuntija palvelut<\/p>\n\n\n\n<ul class=\"wp-block-list\" style=\"font-size:18px\"><li class=\"indent\">Tarjoamme my\u00f6s asiantuntija palvelut. Yhti\u00f6n perustamiseen, yhti\u00f6muodon muutoksiin,<br>verotukseen sek\u00e4 muihin yritystoimintaan liittyviin asioihin. Palvelumme on asiakasl\u00e4ht\u00f6ist\u00e4<br>ja tehd\u00e4\u00e4n asiakkaan tarpeet huomioiden.<\/li><\/ul>\n\n\n\n<p style=\"font-size:18px\">Verotus<\/p>\n\n\n\n<ul class=\"wp-block-list\" style=\"font-size:18px\"><li class=\"indent\">Tarjoamme my\u00f6s yrityksen verotukseen liittyvi\u00e4 palveluita mm. yhteis\u00f6 verotus, kiinteist\u00f6verotus<\/li><\/ul>\n\n\n\n<p style=\"font-size:18px\">Yhti\u00f6 tarjoaa tilitoimistopalvelujen lis\u00e4ksi asiantuntijapalveluja ja samaan<br>palvelukonseptiin kuuluvat my\u00f6s<\/p>\n\n\n\n<p style=\"font-size:18px\">Perint\u00e4palvelut ,joita tarjoaa <strong>Perint\u00e4toimisto Reskont Oy<\/strong><br>Is\u00e4nn\u00f6intipalvelut, joita tarjoaa <strong>Asuntotaito Oy<\/strong>.<\/p>\n<\/div><\/div>\n","protected":false},"excerpt":{"rendered":"<p>Tilikontrolli palvelee yrityksi\u00e4 kokonaisvaltaisesti eli palvelukonseptiimme kuuluvat: Kirjanpitojen hoitaminen : Kirjanpidossa on t\u00e4rke\u00e4\u00e4, ett\u00e4 se tehd\u00e4\u00e4n oikein ja ajallaan.Selke\u00e4n raportoinnin avulla yritt\u00e4j\u00e4 saa ajantasaista tietoa yrityksens\u00e4 kehityksest\u00e4. Tulosseuranta: Tulosseuranta mahdollistaa yritt\u00e4j\u00e4n nopean p\u00e4\u00e4t\u00f6ksenteon eri tilanteissa Laskujen maksu ja ostoreskontranhoito: Meill\u00e4 asiakas voi valita haluamansa palvelumuodon S\u00e4hk\u00f6inen, jossa kaikki laskut k\u00e4sitell\u00e4\u00e4n s\u00e4hk\u00f6isesti Se tarkoittaa sit\u00e4, ett\u00e4&hellip;&nbsp;<a href=\"https:\/\/tilikontrolli.fi\/index.php\/palvelut\/\" class=\"\" rel=\"bookmark\">Lue lis\u00e4\u00e4 &raquo;<span class=\"screen-reader-text\">Palvelut<\/span><\/a><\/p>\n","protected":false},"author":1,"featured_media":0,"parent":0,"menu_order":0,"comment_status":"closed","ping_status":"closed","template":"","meta":{"neve_meta_sidebar":"","neve_meta_container":"","neve_meta_enable_content_width":"","neve_meta_content_width":0,"neve_meta_title_alignment":"","neve_meta_author_avatar":"","neve_post_elements_order":"","neve_meta_disable_header":"","neve_meta_disable_footer":"","neve_meta_disable_title":"","_themeisle_gutenberg_block_has_review":false,"_ti_tpc_template_sync":false,"_ti_tpc_template_id":"","footnotes":""},"class_list":["post-492","page","type-page","status-publish","hentry"],"yoast_head":"<!-- This site is optimized with the Yoast SEO plugin v20.13 - https:\/\/yoast.com\/wordpress\/plugins\/seo\/ -->\n<title>Palvelut - Tilikontrolli Oy<\/title>\n<meta name=\"robots\" content=\"index, follow, max-snippet:-1, max-image-preview:large, max-video-preview:-1\" \/>\n<link rel=\"canonical\" href=\"https:\/\/tilikontrolli.fi\/index.php\/palvelut\/\" \/>\n<meta property=\"og:locale\" content=\"fi_FI\" \/>\n<meta property=\"og:type\" content=\"article\" \/>\n<meta property=\"og:title\" content=\"Palvelut - Tilikontrolli Oy\" \/>\n<meta property=\"og:description\" content=\"Tilikontrolli palvelee yrityksi\u00e4 kokonaisvaltaisesti eli palvelukonseptiimme kuuluvat: Kirjanpitojen hoitaminen : Kirjanpidossa on t\u00e4rke\u00e4\u00e4, ett\u00e4 se tehd\u00e4\u00e4n oikein ja ajallaan.Selke\u00e4n raportoinnin avulla yritt\u00e4j\u00e4 saa ajantasaista tietoa yrityksens\u00e4 kehityksest\u00e4. Tulosseuranta: Tulosseuranta mahdollistaa yritt\u00e4j\u00e4n nopean p\u00e4\u00e4t\u00f6ksenteon eri tilanteissa Laskujen maksu ja ostoreskontranhoito: Meill\u00e4 asiakas voi valita haluamansa palvelumuodon S\u00e4hk\u00f6inen, jossa kaikki laskut k\u00e4sitell\u00e4\u00e4n s\u00e4hk\u00f6isesti Se tarkoittaa sit\u00e4, ett\u00e4&hellip;&nbsp;Lue lis\u00e4\u00e4 &raquo;Palvelut\" \/>\n<meta property=\"og:url\" content=\"https:\/\/tilikontrolli.fi\/index.php\/palvelut\/\" \/>\n<meta property=\"og:site_name\" content=\"Tilikontrolli Oy\" \/>\n<meta property=\"article:modified_time\" content=\"2022-05-31T07:06:59+00:00\" \/>\n<meta name=\"twitter:card\" content=\"summary_large_image\" \/>\n<meta name=\"twitter:label1\" content=\"Arvioitu lukuaika\" \/>\n\t<meta name=\"twitter:data1\" content=\"1 minuutti\" \/>\n<script type=\"application\/ld+json\" class=\"yoast-schema-graph\">{\"@context\":\"https:\/\/schema.org\",\"@graph\":[{\"@type\":\"WebPage\",\"@id\":\"https:\/\/tilikontrolli.fi\/index.php\/palvelut\/\",\"url\":\"https:\/\/tilikontrolli.fi\/index.php\/palvelut\/\",\"name\":\"Palvelut - Tilikontrolli Oy\",\"isPartOf\":{\"@id\":\"https:\/\/tilikontrolli.fi\/#website\"},\"datePublished\":\"2022-05-16T09:49:12+00:00\",\"dateModified\":\"2022-05-31T07:06:59+00:00\",\"breadcrumb\":{\"@id\":\"https:\/\/tilikontrolli.fi\/index.php\/palvelut\/#breadcrumb\"},\"inLanguage\":\"fi\",\"potentialAction\":[{\"@type\":\"ReadAction\",\"target\":[\"https:\/\/tilikontrolli.fi\/index.php\/palvelut\/\"]}]},{\"@type\":\"BreadcrumbList\",\"@id\":\"https:\/\/tilikontrolli.fi\/index.php\/palvelut\/#breadcrumb\",\"itemListElement\":[{\"@type\":\"ListItem\",\"position\":1,\"name\":\"Etusivu\",\"item\":\"https:\/\/tilikontrolli.fi\/\"},{\"@type\":\"ListItem\",\"position\":2,\"name\":\"Palvelut\"}]},{\"@type\":\"WebSite\",\"@id\":\"https:\/\/tilikontrolli.fi\/#website\",\"url\":\"https:\/\/tilikontrolli.fi\/\",\"name\":\"Tilikontrolli Oy\",\"description\":\"\",\"potentialAction\":[{\"@type\":\"SearchAction\",\"target\":{\"@type\":\"EntryPoint\",\"urlTemplate\":\"https:\/\/tilikontrolli.fi\/?s={search_term_string}\"},\"query-input\":\"required name=search_term_string\"}],\"inLanguage\":\"fi\"}]}<\/script>\n<!-- \/ Yoast SEO plugin. -->","yoast_head_json":{"title":"Palvelut - Tilikontrolli Oy","robots":{"index":"index","follow":"follow","max-snippet":"max-snippet:-1","max-image-preview":"max-image-preview:large","max-video-preview":"max-video-preview:-1"},"canonical":"https:\/\/tilikontrolli.fi\/index.php\/palvelut\/","og_locale":"fi_FI","og_type":"article","og_title":"Palvelut - Tilikontrolli Oy","og_description":"Tilikontrolli palvelee yrityksi\u00e4 kokonaisvaltaisesti eli palvelukonseptiimme kuuluvat: Kirjanpitojen hoitaminen : Kirjanpidossa on t\u00e4rke\u00e4\u00e4, ett\u00e4 se tehd\u00e4\u00e4n oikein ja ajallaan.Selke\u00e4n raportoinnin avulla yritt\u00e4j\u00e4 saa ajantasaista tietoa yrityksens\u00e4 kehityksest\u00e4. Tulosseuranta: Tulosseuranta mahdollistaa yritt\u00e4j\u00e4n nopean p\u00e4\u00e4t\u00f6ksenteon eri tilanteissa Laskujen maksu ja ostoreskontranhoito: Meill\u00e4 asiakas voi valita haluamansa palvelumuodon S\u00e4hk\u00f6inen, jossa kaikki laskut k\u00e4sitell\u00e4\u00e4n s\u00e4hk\u00f6isesti Se tarkoittaa sit\u00e4, ett\u00e4&hellip;&nbsp;Lue lis\u00e4\u00e4 &raquo;Palvelut","og_url":"https:\/\/tilikontrolli.fi\/index.php\/palvelut\/","og_site_name":"Tilikontrolli Oy","article_modified_time":"2022-05-31T07:06:59+00:00","twitter_card":"summary_large_image","twitter_misc":{"Arvioitu lukuaika":"1 minuutti"},"schema":{"@context":"https:\/\/schema.org","@graph":[{"@type":"WebPage","@id":"https:\/\/tilikontrolli.fi\/index.php\/palvelut\/","url":"https:\/\/tilikontrolli.fi\/index.php\/palvelut\/","name":"Palvelut - Tilikontrolli Oy","isPartOf":{"@id":"https:\/\/tilikontrolli.fi\/#website"},"datePublished":"2022-05-16T09:49:12+00:00","dateModified":"2022-05-31T07:06:59+00:00","breadcrumb":{"@id":"https:\/\/tilikontrolli.fi\/index.php\/palvelut\/#breadcrumb"},"inLanguage":"fi","potentialAction":[{"@type":"ReadAction","target":["https:\/\/tilikontrolli.fi\/index.php\/palvelut\/"]}]},{"@type":"BreadcrumbList","@id":"https:\/\/tilikontrolli.fi\/index.php\/palvelut\/#breadcrumb","itemListElement":[{"@type":"ListItem","position":1,"name":"Etusivu","item":"https:\/\/tilikontrolli.fi\/"},{"@type":"ListItem","position":2,"name":"Palvelut"}]},{"@type":"WebSite","@id":"https:\/\/tilikontrolli.fi\/#website","url":"https:\/\/tilikontrolli.fi\/","name":"Tilikontrolli Oy","description":"","potentialAction":[{"@type":"SearchAction","target":{"@type":"EntryPoint","urlTemplate":"https:\/\/tilikontrolli.fi\/?s={search_term_string}"},"query-input":"required name=search_term_string"}],"inLanguage":"fi"}]}},"_links":{"self":[{"href":"https:\/\/tilikontrolli.fi\/index.php\/wp-json\/wp\/v2\/pages\/492","targetHints":{"allow":["GET"]}}],"collection":[{"href":"https:\/\/tilikontrolli.fi\/index.php\/wp-json\/wp\/v2\/pages"}],"about":[{"href":"https:\/\/tilikontrolli.fi\/index.php\/wp-json\/wp\/v2\/types\/page"}],"author":[{"embeddable":true,"href":"https:\/\/tilikontrolli.fi\/index.php\/wp-json\/wp\/v2\/users\/1"}],"replies":[{"embeddable":true,"href":"https:\/\/tilikontrolli.fi\/index.php\/wp-json\/wp\/v2\/comments?post=492"}],"version-history":[{"count":25,"href":"https:\/\/tilikontrolli.fi\/index.php\/wp-json\/wp\/v2\/pages\/492\/revisions"}],"predecessor-version":[{"id":586,"href":"https:\/\/tilikontrolli.fi\/index.php\/wp-json\/wp\/v2\/pages\/492\/revisions\/586"}],"wp:attachment":[{"href":"https:\/\/tilikontrolli.fi\/index.php\/wp-json\/wp\/v2\/media?parent=492"}],"curies":[{"name":"wp","href":"https:\/\/api.w.org\/{rel}","templated":true}]}}